{"id":271,"date":"2024-04-23T11:30:36","date_gmt":"2024-04-23T09:30:36","guid":{"rendered":"https:\/\/hwk1365.de\/investorrelation-hwk1365se\/?page_id=271"},"modified":"2026-01-12T14:27:38","modified_gmt":"2026-01-12T13:27:38","slug":"impressum","status":"publish","type":"page","link":"https:\/\/hwk1365.de\/investorrelation-hwk1365se\/impressum\/","title":{"rendered":"Impressum"},"content":{"rendered":"<div class=\"wpb-content-wrapper\"><p>[vc_row el_class=&#8220;imp-dat&#8220;][vc_column][vc_column_text css=&#8220;&#8220;]<\/p>\n<h1>Impressum<\/h1>\n<p>HWK 1365 SE<br \/>\nHeidenheimer Stra\u00dfe 1<br \/>\n89551 K\u00f6nigsbronn<\/p>\n<p>Handelsregister: HRB 748635<br \/>\nRegistergericht: Amtsgericht Ulm<\/p>\n<p>LEI: 52990074939JQNKXRD43<\/p>\n<div data-olk-copy-source=\"MessageBody\"><strong>Vertreten durch:<\/strong><\/div>\n<div>Gesch\u00e4ftsf\u00fchrer:<\/div>\n<div>Roman Zitzelsberger<\/div>\n<div><\/div>\n<div><\/div>\n<div><strong>Gesch\u00e4ftsf\u00fchrender Direktor:<\/strong><\/div>\n<div>Roman Zitzelsberger<\/div>\n<h2>Kontakt<\/h2>\n<p>Telefon: +49 (0) 7328 83-0<br \/>\nTelefax: +49 (0) 7328 83-411<br \/>\nE-Mail: investorrelation@hwk1365.de<\/p>\n<h2>Umsatzsteuer-ID<\/h2>\n<p>Umsatzsteuer-Identifikationsnummer gem\u00e4\u00df \u00a7 27 a Umsatzsteuergesetz:<br \/>\nDE347704420<\/p>\n<h2>Redaktionell verantwortlich<\/h2>\n<p>HWK 1365 SE<br \/>\nHeidenheimer Stra\u00dfe 1<br \/>\n89551 K\u00f6nigsbronn<\/p>\n<h2>EU-Streitschlichtung<\/h2>\n<p>Die Europ\u00e4ische Kommission stellt eine Plattform zur Online-Streitbeilegung (OS) bereit: <a href=\"https:\/\/ec.europa.eu\/consumers\/odr\/\" target=\"_blank\" rel=\"noopener noreferrer\">https:\/\/ec.europa.eu\/consumers\/odr\/<\/a>.<br \/>\nUnsere E-Mail-Adresse finden Sie oben im Impressum.<\/p>\n<h2>Verbraucher\u00adstreit\u00adbeilegung\/Universal\u00adschlichtungs\u00adstelle<\/h2>\n<p>Wir sind nicht bereit oder verpflichtet, an Streitbeilegungsverfahren vor einer Verbraucherschlichtungsstelle teilzunehmen.[\/vc_column_text][\/vc_column][\/vc_row]<\/p>\n<\/div>","protected":false},"excerpt":{"rendered":"<p>[vc_row el_class=&#8220;imp-dat&#8220;][vc_column][vc_column_text css=&#8220;&#8220;] Impressum HWK 1365 SE Heidenheimer Stra\u00dfe 1 89551 K\u00f6nigsbronn Handelsregister: HRB 748635 Registergericht: Amtsgericht Ulm LEI: 52990074939JQNKXRD43 Vertreten durch: Gesch\u00e4ftsf\u00fchrer: Roman Zitzelsberger Gesch\u00e4ftsf\u00fchrender Direktor: Roman Zitzelsberger Kontakt Telefon: +49 (0) 7328 83-0 Telefax: +49 (0) 7328 83-411 E-Mail: investorrelation@hwk1365.de Umsatzsteuer-ID Umsatzsteuer-Identifikationsnummer gem\u00e4\u00df \u00a7 27 a Umsatzsteuergesetz: DE347704420 Redaktionell verantwortlich HWK 1365 SE [&hellip;]<\/p>\n","protected":false},"author":1,"featured_media":0,"parent":0,"menu_order":0,"comment_status":"closed","ping_status":"closed","template":"","meta":{"_acf_changed":false,"footnotes":""},"acf":[],"_links":{"self":[{"href":"https:\/\/hwk1365.de\/investorrelation-hwk1365se\/wp-json\/wp\/v2\/pages\/271"}],"collection":[{"href":"https:\/\/hwk1365.de\/investorrelation-hwk1365se\/wp-json\/wp\/v2\/pages"}],"about":[{"href":"https:\/\/hwk1365.de\/investorrelation-hwk1365se\/wp-json\/wp\/v2\/types\/page"}],"author":[{"embeddable":true,"href":"https:\/\/hwk1365.de\/investorrelation-hwk1365se\/wp-json\/wp\/v2\/users\/1"}],"replies":[{"embeddable":true,"href":"https:\/\/hwk1365.de\/investorrelation-hwk1365se\/wp-json\/wp\/v2\/comments?post=271"}],"version-history":[{"count":14,"href":"https:\/\/hwk1365.de\/investorrelation-hwk1365se\/wp-json\/wp\/v2\/pages\/271\/revisions"}],"predecessor-version":[{"id":601,"href":"https:\/\/hwk1365.de\/investorrelation-hwk1365se\/wp-json\/wp\/v2\/pages\/271\/revisions\/601"}],"wp:attachment":[{"href":"https:\/\/hwk1365.de\/investorrelation-hwk1365se\/wp-json\/wp\/v2\/media?parent=271"}],"curies":[{"name":"wp","href":"https:\/\/api.w.org\/{rel}","templated":true}]}}